{"id":100,"date":"2026-02-13T12:05:40","date_gmt":"2026-02-13T11:05:40","guid":{"rendered":"https:\/\/ewelinapyc.pl\/?page_id=100"},"modified":"2026-02-19T22:49:03","modified_gmt":"2026-02-19T21:49:03","slug":"home-2","status":"publish","type":"page","link":"https:\/\/ewelinapyc.pl\/","title":{"rendered":"Home 2"},"content":{"rendered":"\t\t<div data-elementor-type=\"wp-page\" data-elementor-id=\"100\" class=\"elementor elementor-100\" data-elementor-post-type=\"page\">\n\t\t\t\t\t\t<div class=\"elementor-element elementor-element-1fbc890 e-con e-atomic-element e-flexbox-base e-1fbc890-4188ffb\" data-id=\"1fbc890\" data-element_type=\"e-flexbox\" data-e-type=\"e-flexbox\" data-e-type=\"e-flexbox\" data-id=\"1fbc890\">\n\t\t\t\t<div class=\"elementor-element elementor-element-ae4d22e elementor-nav-menu__align-start elementor-nav-menu--dropdown-tablet elementor-nav-menu__text-align-aside elementor-nav-menu--toggle elementor-nav-menu--burger elementor-widget elementor-widget-nav-menu\" data-id=\"ae4d22e\" data-element_type=\"widget\" data-e-type=\"widget\" data-settings=\"{&quot;layout&quot;:&quot;horizontal&quot;,&quot;submenu_icon&quot;:{&quot;value&quot;:&quot;&lt;svg aria-hidden=\\&quot;true\\&quot; class=\\&quot;e-font-icon-svg e-fas-caret-down\\&quot; viewBox=\\&quot;0 0 320 512\\&quot; xmlns=\\&quot;http:\\\/\\\/www.w3.org\\\/2000\\\/svg\\&quot;&gt;&lt;path d=\\&quot;M31.3 192h257.3c17.8 0 26.7 21.5 14.1 34.1L174.1 354.8c-7.8 7.8-20.5 7.8-28.3 0L17.2 226.1C4.6 213.5 13.5 192 31.3 192z\\&quot;&gt;&lt;\\\/path&gt;&lt;\\\/svg&gt;&quot;,&quot;library&quot;:&quot;fa-solid&quot;},&quot;toggle&quot;:&quot;burger&quot;}\" data-widget_type=\"nav-menu.default\">\n\t\t\t\t\t\t\t\t<nav aria-label=\"Menu\" class=\"elementor-nav-menu--main elementor-nav-menu__container elementor-nav-menu--layout-horizontal e--pointer-none\">\n\t\t\t\t<ul id=\"menu-1-ae4d22e\" class=\"elementor-nav-menu\"><li class=\"menu-item menu-item-type-custom menu-item-object-custom menu-item-26\"><a href=\"#\" class=\"elementor-item elementor-item-anchor\">Strona g\u0142\u00f3wna<\/a><\/li>\n<li class=\"menu-item menu-item-type-custom menu-item-object-custom menu-item-27\"><a href=\"##\" class=\"elementor-item elementor-item-anchor\">Dlaczego ja?<\/a><\/li>\n<li class=\"menu-item menu-item-type-custom menu-item-object-custom menu-item-28\"><a href=\"###\" class=\"elementor-item elementor-item-anchor\">Oferta Google Ads<\/a><\/li>\n<li class=\"menu-item menu-item-type-custom menu-item-object-custom menu-item-29\"><a href=\"##\" class=\"elementor-item elementor-item-anchor\">Kontakt<\/a><\/li>\n<\/ul>\t\t\t<\/nav>\n\t\t\t\t\t<div class=\"elementor-menu-toggle\" role=\"button\" tabindex=\"0\" aria-label=\"Menu Toggle\" aria-expanded=\"false\">\n\t\t\t<svg aria-hidden=\"true\" role=\"presentation\" class=\"elementor-menu-toggle__icon--open e-font-icon-svg e-eicon-menu-bar\" viewBox=\"0 0 1000 1000\" xmlns=\"http:\/\/www.w3.org\/2000\/svg\"><path d=\"M104 333H896C929 333 958 304 958 271S929 208 896 208H104C71 208 42 237 42 271S71 333 104 333ZM104 583H896C929 583 958 554 958 521S929 458 896 458H104C71 458 42 487 42 521S71 583 104 583ZM104 833H896C929 833 958 804 958 771S929 708 896 708H104C71 708 42 737 42 771S71 833 104 833Z\"><\/path><\/svg><svg aria-hidden=\"true\" role=\"presentation\" class=\"elementor-menu-toggle__icon--close e-font-icon-svg e-eicon-close\" viewBox=\"0 0 1000 1000\" xmlns=\"http:\/\/www.w3.org\/2000\/svg\"><path d=\"M742 167L500 408 258 167C246 154 233 150 217 150 196 150 179 158 167 167 154 179 150 196 150 212 150 229 154 242 171 254L408 500 167 742C138 771 138 800 167 829 196 858 225 858 254 829L496 587 738 829C750 842 767 846 783 846 800 846 817 842 829 829 842 817 846 804 846 783 846 767 842 750 829 737L588 500 833 258C863 229 863 200 833 171 804 137 775 137 742 167Z\"><\/path><\/svg>\t\t<\/div>\n\t\t\t\t\t<nav class=\"elementor-nav-menu--dropdown elementor-nav-menu__container\" aria-hidden=\"true\">\n\t\t\t\t<ul id=\"menu-2-ae4d22e\" class=\"elementor-nav-menu\"><li class=\"menu-item menu-item-type-custom menu-item-object-custom menu-item-26\"><a href=\"#\" class=\"elementor-item elementor-item-anchor\" tabindex=\"-1\">Strona g\u0142\u00f3wna<\/a><\/li>\n<li class=\"menu-item menu-item-type-custom menu-item-object-custom menu-item-27\"><a href=\"##\" class=\"elementor-item elementor-item-anchor\" tabindex=\"-1\">Dlaczego ja?<\/a><\/li>\n<li class=\"menu-item menu-item-type-custom menu-item-object-custom menu-item-28\"><a href=\"###\" class=\"elementor-item elementor-item-anchor\" tabindex=\"-1\">Oferta Google Ads<\/a><\/li>\n<li class=\"menu-item menu-item-type-custom menu-item-object-custom menu-item-29\"><a href=\"##\" class=\"elementor-item elementor-item-anchor\" tabindex=\"-1\">Kontakt<\/a><\/li>\n<\/ul>\t\t\t<\/nav>\n\t\t\t\t\t\t<\/div>\n\t\t\t\t<\/div>\n\t\t\t\t<div class=\"elementor-element elementor-element-d75f7df e-con e-atomic-element e-div-block-base e-d75f7df-eb019a3\" data-id=\"d75f7df\" data-element_type=\"e-div-block\" data-e-type=\"e-div-block\" data-e-type=\"e-div-block\" data-id=\"d75f7df\">\n\t\t\t\t<div class=\"elementor-element elementor-element-cb07788 e-con e-atomic-element e-flexbox-base e-cb07788-d5e2ed9\" data-id=\"cb07788\" data-element_type=\"e-flexbox\" data-e-type=\"e-flexbox\" data-e-type=\"e-flexbox\" data-id=\"cb07788\">\n\t\t\t\t\t\t\t<h2 \n\t\tdata-interaction-id=\"ed65720\" \n\t\tclass=\"e-ed65720-e085b1b e-heading-base\" \n\t\t \n\t\tdata-e-type=\"widget\" data-id=\"ed65720\"\n\t\t\t>\n\t\n\t\t\tEwelina Py\u0107\n\t\t<\/h2>\n\t\t\t\t\t\t\t<h2 \n\t\tdata-interaction-id=\"8d3f75f\" \n\t\tclass=\"e-8d3f75f-54276fe e-heading-base\" \n\t\t \n\t\tdata-e-type=\"widget\" data-id=\"8d3f75f\"\n\t\t\t>\n\t\n\t\t\tSpecjalistka Google Ads\n\t\t<\/h2>\n\t\t\t\t\t\t\t<h2 \n\t\tdata-interaction-id=\"62cb8d6\" \n\t\tclass=\"e-62cb8d6-62a5db6 e-heading-base\" \n\t\t \n\t\tdata-e-type=\"widget\" data-id=\"62cb8d6\"\n\t\t\t>\n\t\n\t\t\tPomagam ma\u0142ym i \u015brednim firmom prowadzi\u0107 skuteczne kampanie Google Ads. Bez agencyjnych mar\u017c, z pe\u0142n\u0105 transparentno\u015bci\u0105.\n\t\t<\/h2>\n\t\t\t\t\t\t\t<h2 \n\t\tdata-interaction-id=\"60bf4e1\" \n\t\tclass=\"e-60bf4e1-80119ff e-heading-base\" \n\t\t \n\t\tdata-e-type=\"widget\" data-id=\"60bf4e1\"\n\t\t\t>\n\t\n\t\t\tSprawd\u017a czy Google Ads jest dla Ciebie lub Um\u00f3w bezp\u0142atn\u0105 konsultacj\u0119\n\t\t<\/h2>\n\t\t\t\t\t    \t            <button class=\"e-1abddc1-1ba5160 e-button-base\" data-interaction-id=\"1abddc1\" data-interactions=\"&#x5B;&#x5D;\"  data-e-type=\"widget\" data-id=\"1abddc1\">\n            Napisz do mnie\n        <\/button>\n    \t\t\t\t<\/div>\n\t\t\t\t<div class=\"elementor-element elementor-element-1c4d445 e-con e-atomic-element e-flexbox-base e-1c4d445-167ee67\" data-id=\"1c4d445\" data-element_type=\"e-flexbox\" data-e-type=\"e-flexbox\" data-e-type=\"e-flexbox\" data-id=\"1c4d445\">\n\t\t\t\t\t\t\t\n\t\t<img class=\"e-image-base e-be9d53b-77ed5e3\" \n\t\t\t\t\tdata-interaction-id=\"be9d53b\" \n\t\t\tdata-interactions=\"&#x5B;&#x5D;\"\n\t\t \n\t\t data-e-type=\"widget\" data-id=\"be9d53b\" \n\t\t\t\t\t\t\t\t\tid=\"185\"\n\t\t\t\t\t\t\t\t\t\t\t\tsrc=\"https:\/\/ewelinapyc.pl\/wp-content\/uploads\/2026\/02\/EW33.png\"\n\t\t\t\t\t\t\t\t\t\t\t\twidth=\"864\"\n\t\t\t\t\t\t\t\t\t\t\t\theight=\"1184\"\n\t\t\t\t\t\t\t\t\t\t\t\tsrcset=\"https:\/\/ewelinapyc.pl\/wp-content\/uploads\/2026\/02\/EW33.png 864w, https:\/\/ewelinapyc.pl\/wp-content\/uploads\/2026\/02\/EW33-219x300.png 219w, https:\/\/ewelinapyc.pl\/wp-content\/uploads\/2026\/02\/EW33-747x1024.png 747w, https:\/\/ewelinapyc.pl\/wp-content\/uploads\/2026\/02\/EW33-768x1052.png 768w\"\n\t\t\t\t\t\t\t\t\t\t\t\talt=\"\"\n\t\t\t\t\t\t\/>\n\t\t\t\t\t<\/div>\n\t\t\t\t<\/div>\n\t\t\t\t<\/div>\n\t\t","protected":false},"excerpt":{"rendered":"<p>Ewelina Py\u0107 Specjalistka Google Ads Pomagam ma\u0142ym i \u015brednim firmom prowadzi\u0107 skuteczne kampanie Google Ads. Bez agencyjnych mar\u017c, z pe\u0142n\u0105 transparentno\u015bci\u0105. Sprawd\u017a czy Google Ads jest dla Ciebie lub Um\u00f3w bezp\u0142atn\u0105 konsultacj\u0119 Napisz do mnie<\/p>\n","protected":false},"author":1,"featured_media":0,"parent":0,"menu_order":0,"comment_status":"closed","ping_status":"closed","template":"elementor_canvas","meta":{"footnotes":""},"class_list":["post-100","page","type-page","status-publish","hentry"],"_links":{"self":[{"href":"https:\/\/ewelinapyc.pl\/index.php?rest_route=\/wp\/v2\/pages\/100","targetHints":{"allow":["GET"]}}],"collection":[{"href":"https:\/\/ewelinapyc.pl\/index.php?rest_route=\/wp\/v2\/pages"}],"about":[{"href":"https:\/\/ewelinapyc.pl\/index.php?rest_route=\/wp\/v2\/types\/page"}],"author":[{"embeddable":true,"href":"https:\/\/ewelinapyc.pl\/index.php?rest_route=\/wp\/v2\/users\/1"}],"replies":[{"embeddable":true,"href":"https:\/\/ewelinapyc.pl\/index.php?rest_route=%2Fwp%2Fv2%2Fcomments&post=100"}],"version-history":[{"count":73,"href":"https:\/\/ewelinapyc.pl\/index.php?rest_route=\/wp\/v2\/pages\/100\/revisions"}],"predecessor-version":[{"id":214,"href":"https:\/\/ewelinapyc.pl\/index.php?rest_route=\/wp\/v2\/pages\/100\/revisions\/214"}],"wp:attachment":[{"href":"https:\/\/ewelinapyc.pl\/index.php?rest_route=%2Fwp%2Fv2%2Fmedia&parent=100"}],"curies":[{"name":"wp","href":"https:\/\/api.w.org\/{rel}","templated":true}]}}